{"id":23113,"date":"2021-04-08T23:35:20","date_gmt":"2021-04-08T23:35:20","guid":{"rendered":"https:\/\/azoreslab.com\/lusitanoacademy\/?page_id=23113"},"modified":"2021-06-15T03:49:32","modified_gmt":"2021-06-15T03:49:32","slug":"privacypolicy","status":"publish","type":"page","link":"https:\/\/fuji-sushiexperience.pt\/en\/privacypolicy\/","title":{"rendered":"POL\u00cdTICA DE PRIVACIDADE"},"content":{"rendered":"<section class=\"wpb-content-wrapper\"><section class=\"vc_row wpb_row vc_row-fluid\"><div class=\"wpb_column vc_column_container vc_col-sm-12  col-xs-mobile-fullwidth\"><div class=\"vc_column-inner\"><div class=\"wpb_wrapper\"><div class=\"last-paragraph-no-margin\"><p>O acesso e uso do website\u00a0<strong>www.fuji-sushiexperience.pt<\/strong>\u00a0(adiante designado de website) atribui a condi\u00e7\u00e3o de utilizador ao visitante do mesmo.<\/p>\n<p><strong>O FUJI Sushi Experience<\/strong>, \u00e9 respons\u00e1vel pelo website e compromete-se a garantir a privacidade dos dados pessoais dos utilizadores do mesmo.<\/p>\n<p>Por favor, leia o texto que se segue, para compreender e tomar conhecimento da forma como as informa\u00e7\u00f5es que disponibilizar ser\u00e3o tratadas pelo <strong>FUJI Sushi Experience<\/strong>.<\/p>\n<p>&nbsp;<\/p>\n<div style=\"height: 80px;\"><\/div>\n<h6>1 \u2013 DEFINI\u00c7\u00c3O<\/h6>\n<p><strong>1.1\u00a0\u00a0<\/strong>Por dados pessoais deve ser entendida a informa\u00e7\u00e3o, de qualquer natureza e suporte, incluindo-se o som e imagem, relativa a uma pessoa singular identificada ou identific\u00e1vel. \u00c9 considerada como identific\u00e1vel uma pessoa que possa ser identificada, direta ou indiretamente, designadamente por refer\u00eancia a um n\u00famero de identifica\u00e7\u00e3o ou a um ou mais elementos espec\u00edficos da sua identidade f\u00edsica, fisiol\u00f3gica, ps\u00edquica, econ\u00f3mica, cultural ou social.<\/p>\n<div style=\"height: 80px;\"><\/div>\n<h6>2 \u2013 RESPONS\u00c1VEL PELO TRATAMENTO E AUTORIDADE DE CONTROLO NACIONAL<\/h6>\n<p><strong>2.1\u00a0<\/strong> O <strong>FUJI Sushi Experience<\/strong> \u00e9 a entidade respons\u00e1vel pela recolha e tratamento dos dados pessoais dos Utilizadores, designadamente, pelas categorias de dados recolhidos, qual o tratamento dos mesmos e as finalidades para que s\u00e3o utilizados.<\/p>\n<p><strong>2.2\u00a0<\/strong>\u00a0Autoridade de controlo nacional |\u00a0A autoridade de controlo nacional \u00e9 a Comiss\u00e3o nacional de Prote\u00e7\u00e3o de dados (CNPD):\u00a0Av. D. Carlos I, 134 \u2013 1.\u00ba 1200-651 Lisboa, email\u00a0<a href=\"mailto:geral@cnpd.pt\">geral@cnpd.pt<\/a><\/p>\n<div style=\"height: 80px;\"><\/div>\n<h6>3 \u2013 DADOS PESSOAIS RECOLHIDOS E FINALIDADES<\/h6>\n<p><strong>3.1\u00a0<\/strong>\u00a0Acesso ao website e navega\u00e7\u00e3o: com o acesso ao website s\u00e3o recolhidos de forma autom\u00e1tica um conjunto de dados inform\u00e1ticos, que s\u00e3o gravados de forma tempor\u00e1ria em ficheiros pr\u00f3prios, sendo eliminados de forma tamb\u00e9m autom\u00e1tica ap\u00f3s determinado per\u00edodo. A recolha destes dados tem objetivos meramente t\u00e9cnicos, como sejam a configura\u00e7\u00e3o da liga\u00e7\u00e3o, a seguran\u00e7a do sistema, a administra\u00e7\u00e3o t\u00e9cnica da rede e a otimiza\u00e7\u00e3o do nosso s\u00edtio. Os dados a que nos referimos s\u00e3o os seguintes: a) Endere\u00e7o IP do processador requerente; b) Data e hora de acesso; c) Nome e URL do ficheiro transferido; d) Volume dos dados transmitidos; e) Indica\u00e7\u00e3o sobre se a transfer\u00eancia foi efetuada com \u00eaxito; f) Dados de identifica\u00e7\u00e3o do software do navegador e do sistema operativo; g) S\u00edtio Web a partir do qual acedeu ao nosso s\u00edtio; h) Nome do fornecedor de servi\u00e7o de Internet.<\/p>\n<p><strong>3.2\u00a0<\/strong> Durante a visita ao website, o <strong>FUJI Sushi Experience<\/strong> poder\u00e1 recolher dados pessoais do utilizador (por exemplo, por e-mail, ao preencher o formul\u00e1rio de contacto, ou ao preencher o formul\u00e1rio de pedido de reserva).<\/p>\n<p><strong>3.3\u00a0<\/strong> Para preencher o formul\u00e1rio de contacto \u00e9-lhe requerido nome, telefone e email. \u00c9 tamb\u00e9m disponibilizada uma caixa de di\u00e1logo em que pode deixar registada mais informa\u00e7\u00e3o que contenha outros dados pessoais.<\/p>\n<p><strong>3.4\u00a0<\/strong> Para preencher o formul\u00e1rio de reserva \u00e9-lhe requerido nome, telefone e e-mail. \u00c9 tamb\u00e9m disponibilizada uma caixa de di\u00e1logo em que pode deixar registada mais informa\u00e7\u00e3o que contenha outros dados pessoais.<\/p>\n<p><strong>3.5\u00a0<\/strong> Newsletters: O L<strong>FUJI Sushi Experience<\/strong> disponibiliza a possibilidade de subscri\u00e7\u00e3o de um servi\u00e7o gratuito de newsletters aos visitantes do seu website. A finalidade deste servi\u00e7o visa levar ao conhecimento dos seus subscritores informa\u00e7\u00e3o relevante dentro das \u00e1reas de interesse abrangidas pelos servi\u00e7os prestados pelo <strong>FUJI Sushi Experience<\/strong>. Para poder usufruir deste servi\u00e7o ter\u00e1 necessariamente que fornecer o seu endere\u00e7o de e-mail. Poder\u00e1 cancelar a subscri\u00e7\u00e3o do servi\u00e7o das newsletters a todo o tempo, bastando, para o feito, seguir as indica\u00e7\u00f5es nesse sentido presentes no final de cada newsletter.<\/p>\n<p><strong>3.6\u00a0<\/strong> Ao utilizar o website do <strong>FUJI Sushi Experience<\/strong> compromete-se a aceitar a presente Pol\u00edtica de Privacidade, tal como se explica nesta se\u00e7\u00e3o do website. Se n\u00e3o aceitar os termos desta Pol\u00edtica de Privacidade, pedimos-lhe que n\u00e3o faculte nenhum dado de car\u00e1cter pessoal atrav\u00e9s deste website ao <strong>FUJI Sushi Experience<\/strong>.<\/p>\n<p><strong>3.7\u00a0<\/strong> O Utilizador garante que os dados pessoais facultados ao <strong>FUJI Sushi Experience<\/strong> s\u00e3o verdadeiros e torna-se respons\u00e1vel por comunicar qualquer altera\u00e7\u00e3o dos mesmos.<\/p>\n<div style=\"height: 80px;\"><\/div>\n<h6>4 \u2013 PER\u00cdODO DE CONSERVA\u00c7\u00c3O DOS SEUS DADOS<\/h6>\n<p>Os dados pessoais do utilizador ser\u00e3o conservados pelo prazo necess\u00e1rio ao cumprimento de obriga\u00e7\u00f5es legais. Na aus\u00eancia de exig\u00eancia legal especifica, os dados pessoais do utilizador ser\u00e3o armazenados e conservados pelo prazo de 5 anos ap\u00f3s a \u00faltima altera\u00e7\u00e3o, atualiza\u00e7\u00e3o ou intera\u00e7\u00e3o do utilizador com o <strong>FUJI Sushi Experience<\/strong>. Findo este prazo, os mesmos ser\u00e3o eliminados.<\/p>\n<div style=\"height: 80px;\"><\/div>\n<h6>5 \u2013 ARMAZENAMENTO DOS SEUS DADOS PESSOAIS<\/h6>\n<p>Os dados pessoais recolhidos e tratados pelo <strong>FUJI Sushi Experience<\/strong> s\u00e3o armazenados em servidores com acesso limitado, localizados em instala\u00e7\u00f5es controladas.<\/p>\n<div style=\"height: 80px;\"><\/div>\n<h6>6 \u2013 TRANSFER\u00caNCIAS DE DADOS PARA O ESTRANGEIRO<\/h6>\n<p>A presta\u00e7\u00e3o de determinados servi\u00e7os pelo <strong>FUJI Sushi Experience<\/strong> pode implicar a transfer\u00eancia dos seus dados para fora de Portugal. Em tal caso, o <strong>FUJI Sushi Experience<\/strong> cumprir\u00e1 rigorosamente as disposi\u00e7\u00f5es legais aplic\u00e1veis, nomeadamente quanto \u00e0 determina\u00e7\u00e3o da adequabilidade de tal Pa\u00eds no que respeita a prote\u00e7\u00e3o de dados pessoais e aos requisitos aplic\u00e1veis a tais transfer\u00eancias.<\/p>\n<div style=\"height: 80px;\"><\/div>\n<h6>7 \u2013 SEGURAN\u00c7A E CONFIDENCIALIDADE DOS DADOS<\/h6>\n<p>\u00c9 objetivo do <strong>FUJI Sushi Experience<\/strong> garantir a qualidade e integridade da informa\u00e7\u00e3o fornecida pelos utilizadores do website, tendo para isso implementado as medidas necess\u00e1rias, tanto ao n\u00edvel tecnol\u00f3gico como organizacional, de forma a manter a informa\u00e7\u00e3o segura, designadamente, sistemas de autentica\u00e7\u00e3o \/ controlo de acessos (login e password), utiliza\u00e7\u00e3o de firewall e sistemas de dete\u00e7\u00e3o de intrus\u00e3o, registo das a\u00e7\u00f5es efetuadas pelos colaboradores do <strong>FUJI Sushi Experience<\/strong> sobre dados pessoais dos clientes ou utilizadores (login);<\/p>\n<div style=\"height: 80px;\"><\/div>\n<h6>8 \u2013 COOKIES<\/h6>\n<p>Este website utiliza cookies para melhorar o seu servi\u00e7o. Alguns cookies s\u00e3o essenciais para garantir as funcionalidades disponibilizadas, enquanto outros s\u00e3o destinadas a melhorar o desempenho e a experi\u00eancia do utilizador. N\u00e3o dever\u00e1 continuar a aceder ao nosso website ap\u00f3s o alerta sobre os cookies, se n\u00e3o concordar com a sua utiliza\u00e7\u00e3o. Para mais informa\u00e7\u00f5es sobre os cookies usados por este website e forma de os gerir e modificar, por favor consulte a nossa Pol\u00edtica de cookies.<\/p>\n<div style=\"height: 80px;\"><\/div>\n<h6>9 \u2013 DIREITOS DOS TITULARES DOS DADOS<\/h6>\n<p>De acordo com a legisla\u00e7\u00e3o em vigor, o Utilizador tem direito de acesso e retifica\u00e7\u00e3o dos seus Dados, bem como o direito de solicitar a sua elimina\u00e7\u00e3o, opor-se ao seu tratamento e obter a sua limita\u00e7\u00e3o ou portabilidade na medida em que seja aplic\u00e1vel. Pode igualmente opor-se a que os seus Dados sejam utilizados com o fim de cria\u00e7\u00e3o do seu perfil de cliente; neste caso, n\u00e3o poder\u00e1 beneficiar de ofertas ou servi\u00e7os personalizados. Al\u00e9m disso, pode, a qualquer momento, pedir para deixar de receber as nossas comunica\u00e7\u00f5es para efeitos de marketing e publicidade.<\/p>\n<p>Estes direitos podem ser exercidos entrando diretamente em contacto com o <strong>FUJI Sushi Experience<\/strong>.<\/p>\n<p><strong>Por correio: <\/strong>Rua Padre Jo\u00e3o Batista de Valles n\u00ba2, 9500-791 Ponta Delgada, S\u00e3o Miguel &#8211; A\u00e7ores<br \/>\n<strong>Por e-mail: <\/strong>geral@fuji-sushiexperience.pt<\/p>\n<div style=\"height: 80px;\"><\/div>\n<h6>10 \u2013 LIGA\u00c7\u00c3O PARA REDES SOCIAIS<\/h6>\n<p>Permitimos a liga\u00e7\u00e3o a redes sociais, mas n\u00e3o somos respons\u00e1veis pelas suas pol\u00edticas de privacidade e seguran\u00e7a. Recomendamos que as verifique.<br \/>\nTrata-se de liga\u00e7\u00f5es a redes sociais externas ao <strong>FUJI Sushi Experience<\/strong> sujeitas a Pol\u00edticas de Privacidade pr\u00f3prias. Estas redes poder\u00e3o registar a informa\u00e7\u00e3o relativa \u00e0s atividades dos utilizadores na Internet, incluindo no nosso website.<br \/>\nRecomendamos a an\u00e1lise das condi\u00e7\u00f5es de utiliza\u00e7\u00e3o e das pol\u00edticas de privacidade destas redes sociais, de modo a saber exatamente como estas utilizam os dados pessoais dos utilizadores, bem como o procedimento para eliminar ou limitar o tratamento desses dados.<\/p>\n<div style=\"height: 80px;\"><\/div>\n<h6>11 \u2013 DIREITO APLIC\u00c1VEL<\/h6>\n<p>Em caso de controv\u00e9rsia ou reclama\u00e7\u00e3o de qualquer natureza relacionada com este website ser\u00e1 aplic\u00e1vel a lei portuguesa, independentemente de qualquer conflito de leis aplic\u00e1veis. Sem preju\u00edzo de apresenta\u00e7\u00e3o de queixa junto da autoridade de controlo nacional identificada 2.2, as partes acordam que todas as a\u00e7\u00f5es ou procedimentos legais decorrentes ou relacionados com esta Pol\u00edtica de Privacidade, ser\u00e3o da compet\u00eancia dos tribunais portugueses e aceitam submeter qualquer lit\u00edgio relativo a esta mat\u00e9ria \u00e0 compet\u00eancia do Tribunal Judicial da Comarca de Ponta Delgada.<\/p>\n<div style=\"height: 80px;\"><\/div>\n<h6>12 \u2013 ATUALIZA\u00c7\u00d5ES DA PRESENTE POL\u00cdTICA DE PRIVACIDADE<\/h6>\n<p>Esta Pol\u00edtica de Privacidade est\u00e1 sujeita a altera\u00e7\u00f5es. A indica\u00e7\u00e3o da data da \u00faltima atualiza\u00e7\u00e3o a este documento consta da legenda \u201cAtualizada em\u201d, no rodap\u00e9 deste documento. As altera\u00e7\u00f5es a esta Pol\u00edtica de Privacidade entrar\u00e3o em vigor no momento da sua publica\u00e7\u00e3o no website.<\/p>\n<p>\u00daltima atualiza\u00e7\u00e3o:\u00a0<em>03 de Maio de 2021<\/em><\/p>\n<\/div><\/div><\/div><\/div><\/section>\n<\/section>","protected":false},"excerpt":{"rendered":"O acesso e uso do website\u00a0www.fuji-sushiexperience.pt\u00a0(adiante designado de website) atribui a condi\u00e7\u00e3o de utilizador ao visitante do mesmo. O FUJI Sushi Experience, \u00e9 respons\u00e1vel pelo website e compromete-se a garantir a privacidade dos dados pessoais dos utilizadores do mesmo. Por favor, leia o texto que se segue, para compreender e tomar conhecimento da forma como as informa\u00e7\u00f5es que disponibilizar ser\u00e3o tratadas pelo FUJI Sushi Experience. &nbsp; 1 \u2013 DEFINI\u00c7\u00c3O 1.1\u00a0\u00a0Por dados pessoais deve ser entendida a informa\u00e7\u00e3o, de qualquer natureza e suporte, incluindo-se o som e imagem, relativa a uma pessoa singular identificada ou identific\u00e1vel. \u00c9 considerada como identific\u00e1vel uma pessoa que possa ser identificada, direta ou indiretamente, designadamente por refer\u00eancia a um n\u00famero de identifica\u00e7\u00e3o ou a um ou mais elementos espec\u00edficos da sua identidade f\u00edsica, fisiol\u00f3gica, ps\u00edquica, econ\u00f3mica, cultural ou social. 2 \u2013 RESPONS\u00c1VEL PELO TRATAMENTO E AUTORIDADE DE CONTROLO NACIONAL 2.1\u00a0 O FUJI Sushi Experience \u00e9 a entidade respons\u00e1vel pela recolha e tratamento dos dados pessoais dos Utilizadores, designadamente, pelas categorias de dados recolhidos, qual o tratamento dos mesmos e as finalidades para que s\u00e3o utilizados. 2.2\u00a0\u00a0Autoridade de controlo nacional |\u00a0A autoridade de controlo nacional \u00e9 a Comiss\u00e3o nacional de Prote\u00e7\u00e3o de dados (CNPD):\u00a0Av. D. Carlos I,...","protected":false},"author":1,"featured_media":0,"parent":0,"menu_order":11,"comment_status":"closed","ping_status":"closed","template":"","meta":[],"acf":[],"_links":{"self":[{"href":"https:\/\/fuji-sushiexperience.pt\/en\/wp-json\/wp\/v2\/pages\/23113"}],"collection":[{"href":"https:\/\/fuji-sushiexperience.pt\/en\/wp-json\/wp\/v2\/pages"}],"about":[{"href":"https:\/\/fuji-sushiexperience.pt\/en\/wp-json\/wp\/v2\/types\/page"}],"author":[{"embeddable":true,"href":"https:\/\/fuji-sushiexperience.pt\/en\/wp-json\/wp\/v2\/users\/1"}],"replies":[{"embeddable":true,"href":"https:\/\/fuji-sushiexperience.pt\/en\/wp-json\/wp\/v2\/comments?post=23113"}],"version-history":[{"count":0,"href":"https:\/\/fuji-sushiexperience.pt\/en\/wp-json\/wp\/v2\/pages\/23113\/revisions"}],"wp:attachment":[{"href":"https:\/\/fuji-sushiexperience.pt\/en\/wp-json\/wp\/v2\/media?parent=23113"}],"curies":[{"name":"wp","href":"https:\/\/api.w.org\/{rel}","templated":true}]}}