{"id":24098,"date":"2021-06-02T02:31:39","date_gmt":"2021-06-02T02:31:39","guid":{"rendered":"https:\/\/fuji-sushiexperience.pt\/?page_id=24098"},"modified":"2025-07-01T14:33:05","modified_gmt":"2025-07-01T14:33:05","slug":"about","status":"publish","type":"page","link":"https:\/\/fuji-sushiexperience.pt\/en\/about\/","title":{"rendered":"ABOUT US"},"content":{"rendered":"<div data-elementor-type=\"wp-page\" data-elementor-id=\"24098\" class=\"elementor elementor-24098\" data-elementor-post-type=\"page\">\n\t\t\t\t\t\t<div class=\"elementor-inner\">\n\t\t\t\t<div class=\"elementor-section-wrap\">\n\t\t\t\t\t\t\t\t\t<section class=\"elementor-section elementor-top-section elementor-element elementor-element-4e623bfa elementor-section-height-min-height elementor-section-full_width elementor-section-stretched elementor-section-height-default elementor-section-items-middle\" data-id=\"4e623bfa\" data-element_type=\"section\" data-settings=\"{&quot;background_background&quot;:&quot;classic&quot;,&quot;shape_divider_bottom&quot;:&quot;triangle-asymmetrical&quot;,&quot;shape_divider_bottom_negative&quot;:&quot;yes&quot;,&quot;stretch_section&quot;:&quot;section-stretched&quot;,&quot;_ha_eqh_enable&quot;:false}\">\n\t\t\t\t\t\t\t<div class=\"elementor-background-overlay\"><\/div>\n\t\t\t\t\t\t<div class=\"elementor-shape elementor-shape-bottom\" data-negative=\"true\">\n\t\t\t<svg xmlns=\"http:\/\/www.w3.org\/2000\/svg\" viewbox=\"0 0 1000 100\" preserveaspectratio=\"none\">\n\t<path class=\"elementor-shape-fill\" d=\"M737.9,94.7L0,0v100h1000V0L737.9,94.7z\"\/>\n<\/svg>\t\t<\/div>\n\t\t\t\t\t<div class=\"elementor-container elementor-column-gap-default\">\n\t\t\t\t\t\t\t<div class=\"elementor-row\">\n\t\t\t\t\t<div class=\"elementor-column elementor-col-100 elementor-top-column elementor-element elementor-element-6deef819\" data-id=\"6deef819\" data-element_type=\"column\">\n\t\t\t<div class=\"elementor-column-wrap elementor-element-populated\">\n\t\t\t\t\t\t\t<div class=\"elementor-widget-wrap\">\n\t\t\t\t\t\t<div class=\"elementor-element elementor-element-629d27fa ee-heading--solid elementor-widget elementor-widget-heading-extended\" data-id=\"629d27fa\" data-element_type=\"widget\" data-widget_type=\"heading-extended.default\">\n\t\t\t\t<div class=\"elementor-widget-container\">\n\t\t\t\n\t\t\t<h1 class=\"ee-heading elementor-size-default\" data-title=\"Sobre n\u00f3s\"><span class=\"ee-heading__text\">\n\t\t\tAbout us\t\t<\/span><\/h1>\n\n\t\t\t\t<\/div>\n\t\t\t\t<\/div>\n\t\t\t\t<div class=\"elementor-element elementor-element-814bfdc elementor-widget elementor-widget-heading\" data-id=\"814bfdc\" data-element_type=\"widget\" data-widget_type=\"heading.default\">\n\t\t\t\t<div class=\"elementor-widget-container\">\n\t\t\t<h2 class=\"elementor-heading-title elementor-size-default\">KNOW ALL ABOUT FUJI...<\/h2>\t\t<\/div>\n\t\t\t\t<\/div>\n\t\t\t\t\t\t<\/div>\n\t\t\t\t\t<\/div>\n\t\t<\/div>\n\t\t\t\t\t\t\t\t<\/div>\n\t\t\t\t\t<\/div>\n\t\t<\/section>\n\t\t\t\t<section class=\"elementor-section elementor-top-section elementor-element elementor-element-33a4e6a elementor-section-stretched elementor-section-boxed elementor-section-height-default elementor-section-height-default\" data-id=\"33a4e6a\" data-element_type=\"section\" data-settings=\"{&quot;stretch_section&quot;:&quot;section-stretched&quot;,&quot;_ha_eqh_enable&quot;:false}\">\n\t\t\t\t\t\t<div class=\"elementor-container elementor-column-gap-default\">\n\t\t\t\t\t\t\t<div class=\"elementor-row\">\n\t\t\t\t\t<div class=\"elementor-column elementor-col-100 elementor-top-column elementor-element elementor-element-37b900e4\" data-id=\"37b900e4\" data-element_type=\"column\">\n\t\t\t<div class=\"elementor-column-wrap elementor-element-populated\">\n\t\t\t\t\t\t\t<div class=\"elementor-widget-wrap\">\n\t\t\t\t\t\t<div class=\"elementor-element elementor-element-669bbe55 ha-layout-block ha-align-center elementor-invisible elementor-widget elementor-widget-ha-advanced-heading happy-addon ha-advanced-heading happy-addon-pro\" data-id=\"669bbe55\" data-element_type=\"widget\" data-settings=\"{&quot;_animation&quot;:&quot;fadeInUp&quot;}\" data-widget_type=\"ha-advanced-heading.default\">\n\t\t\t\t<div class=\"elementor-widget-container\">\n\t\t\t\n\t\t<h2 class=\"ha-advanced-heading-tag\">\n\t\t\t\t\t\t<div class=\"ha-advanced-heading-wrap\" data-background-text=\"\">\n\t\t\t\t<span class=\"ha-advanced-heading-before\">Rigor, discipline and<\/span>\n\t\t\t\t<span class=\"ha-advanced-heading-center\">perfectionism of<\/span>\n\t\t\t\t<span class=\"ha-advanced-heading-after\">Japanese culture<\/span>\n\t\t\t\t<span class=\"ha-advanced-heading-border\"><\/span>\n\t\t\t<\/div>\n\t\t\t\t\t<\/h2>\n\n\t\t\t\t<\/div>\n\t\t\t\t<\/div>\n\t\t\t\t\t\t<\/div>\n\t\t\t\t\t<\/div>\n\t\t<\/div>\n\t\t\t\t\t\t\t\t<\/div>\n\t\t\t\t\t<\/div>\n\t\t<\/section>\n\t\t\t\t<section class=\"elementor-section elementor-top-section elementor-element elementor-element-476c923a elementor-section-boxed elementor-section-height-default elementor-section-height-default\" data-id=\"476c923a\" data-element_type=\"section\" data-settings=\"{&quot;_ha_eqh_enable&quot;:false}\">\n\t\t\t\t\t\t<div class=\"elementor-container elementor-column-gap-default\">\n\t\t\t\t\t\t\t<div class=\"elementor-row\">\n\t\t\t\t\t<div class=\"elementor-column elementor-col-50 elementor-top-column elementor-element elementor-element-4d00435f\" data-id=\"4d00435f\" data-element_type=\"column\">\n\t\t\t<div class=\"elementor-column-wrap elementor-element-populated\">\n\t\t\t\t\t\t\t<div class=\"elementor-widget-wrap\">\n\t\t\t\t\t\t<div class=\"elementor-element elementor-element-7676256a elementor-widget elementor-widget-image\" data-id=\"7676256a\" data-element_type=\"widget\" data-widget_type=\"image.default\">\n\t\t\t\t<div class=\"elementor-widget-container\">\n\t\t\t\t\t\t\t\t<div class=\"elementor-image\">\n\t\t\t\t\t\t\t\t\t\t\t\t<img decoding=\"async\" width=\"683\" height=\"1024\" src=\"https:\/\/fuji-sushiexperience.pt\/wp-content\/uploads\/2025\/02\/20210919-SEQUEIRA-DIAS-RESTAURANTE-FUJI-ACORES-016-683x1024.jpg\" class=\"attachment-large size-large wp-image-26036\" alt=\"\" loading=\"lazy\" srcset=\"https:\/\/fuji-sushiexperience.pt\/wp-content\/uploads\/2025\/02\/20210919-SEQUEIRA-DIAS-RESTAURANTE-FUJI-ACORES-016-683x1024.jpg 683w, https:\/\/fuji-sushiexperience.pt\/wp-content\/uploads\/2025\/02\/20210919-SEQUEIRA-DIAS-RESTAURANTE-FUJI-ACORES-016-200x300.jpg 200w, https:\/\/fuji-sushiexperience.pt\/wp-content\/uploads\/2025\/02\/20210919-SEQUEIRA-DIAS-RESTAURANTE-FUJI-ACORES-016-768x1152.jpg 768w, https:\/\/fuji-sushiexperience.pt\/wp-content\/uploads\/2025\/02\/20210919-SEQUEIRA-DIAS-RESTAURANTE-FUJI-ACORES-016-1024x1536.jpg 1024w, https:\/\/fuji-sushiexperience.pt\/wp-content\/uploads\/2025\/02\/20210919-SEQUEIRA-DIAS-RESTAURANTE-FUJI-ACORES-016-8x12.jpg 8w, https:\/\/fuji-sushiexperience.pt\/wp-content\/uploads\/2025\/02\/20210919-SEQUEIRA-DIAS-RESTAURANTE-FUJI-ACORES-016-514x771.jpg 514w, https:\/\/fuji-sushiexperience.pt\/wp-content\/uploads\/2025\/02\/20210919-SEQUEIRA-DIAS-RESTAURANTE-FUJI-ACORES-016-120x180.jpg 120w, https:\/\/fuji-sushiexperience.pt\/wp-content\/uploads\/2025\/02\/20210919-SEQUEIRA-DIAS-RESTAURANTE-FUJI-ACORES-016-81x122.jpg 81w, https:\/\/fuji-sushiexperience.pt\/wp-content\/uploads\/2025\/02\/20210919-SEQUEIRA-DIAS-RESTAURANTE-FUJI-ACORES-016.jpg 1365w\" sizes=\"(max-width: 683px) 100vw, 683px\" \/>\t\t\t\t\t\t\t\t\t\t\t\t\t\t<\/div>\n\t\t\t\t\t\t<\/div>\n\t\t\t\t<\/div>\n\t\t\t\t\t\t<\/div>\n\t\t\t\t\t<\/div>\n\t\t<\/div>\n\t\t\t\t<div class=\"elementor-column elementor-col-50 elementor-top-column elementor-element elementor-element-388bfa5f\" data-id=\"388bfa5f\" data-element_type=\"column\">\n\t\t\t<div class=\"elementor-column-wrap elementor-element-populated\">\n\t\t\t\t\t\t\t<div class=\"elementor-widget-wrap\">\n\t\t\t\t\t\t<div class=\"elementor-element elementor-element-3270ac31 elementor-widget elementor-widget-heading\" data-id=\"3270ac31\" data-element_type=\"widget\" data-widget_type=\"heading.default\">\n\t\t\t\t<div class=\"elementor-widget-container\">\n\t\t\t<h2 class=\"elementor-heading-title elementor-size-default\">An elegant and minimalist space with flavors of traditional Japanese cuisine and the freshness of Azorean ingredients<\/h2>\t\t<\/div>\n\t\t\t\t<\/div>\n\t\t\t\t\t\t<\/div>\n\t\t\t\t\t<\/div>\n\t\t<\/div>\n\t\t\t\t\t\t\t\t<\/div>\n\t\t\t\t\t<\/div>\n\t\t<\/section>\n\t\t\t\t<section class=\"elementor-section elementor-top-section elementor-element elementor-element-f69253f elementor-section-boxed elementor-section-height-default elementor-section-height-default\" data-id=\"f69253f\" data-element_type=\"section\" data-settings=\"{&quot;_ha_eqh_enable&quot;:false}\">\n\t\t\t\t\t\t<div class=\"elementor-container elementor-column-gap-default\">\n\t\t\t\t\t\t\t<div class=\"elementor-row\">\n\t\t\t\t\t<div class=\"elementor-column elementor-col-100 elementor-top-column elementor-element elementor-element-8e79862\" data-id=\"8e79862\" data-element_type=\"column\">\n\t\t\t<div class=\"elementor-column-wrap elementor-element-populated\">\n\t\t\t\t\t\t\t<div class=\"elementor-widget-wrap\">\n\t\t\t\t\t\t<div class=\"elementor-element elementor-element-28f3b3f elementor-widget elementor-widget-heading\" data-id=\"28f3b3f\" data-element_type=\"widget\" data-widget_type=\"heading.default\">\n\t\t\t\t<div class=\"elementor-widget-container\">\n\t\t\t<h2 class=\"elementor-heading-title elementor-size-default\">FUJI provides an authentic experience!<\/h2>\t\t<\/div>\n\t\t\t\t<\/div>\n\t\t\t\t\t\t<\/div>\n\t\t\t\t\t<\/div>\n\t\t<\/div>\n\t\t\t\t\t\t\t\t<\/div>\n\t\t\t\t\t<\/div>\n\t\t<\/section>\n\t\t\t\t<section class=\"elementor-section elementor-top-section elementor-element elementor-element-c9f08f6 elementor-section-boxed elementor-section-height-default elementor-section-height-default\" data-id=\"c9f08f6\" data-element_type=\"section\" data-settings=\"{&quot;_ha_eqh_enable&quot;:false}\">\n\t\t\t\t\t\t<div class=\"elementor-container elementor-column-gap-default\">\n\t\t\t\t\t\t\t<div class=\"elementor-row\">\n\t\t\t\t\t<div class=\"elementor-column elementor-col-50 elementor-top-column elementor-element elementor-element-360ddf3\" data-id=\"360ddf3\" data-element_type=\"column\">\n\t\t\t<div class=\"elementor-column-wrap elementor-element-populated\">\n\t\t\t\t\t\t\t<div class=\"elementor-widget-wrap\">\n\t\t\t\t\t\t<div class=\"elementor-element elementor-element-b2b027c elementor-widget elementor-widget-text-editor\" data-id=\"b2b027c\" data-element_type=\"widget\" data-widget_type=\"text-editor.default\">\n\t\t\t\t<div class=\"elementor-widget-container\">\n\t\t\t\t\t\t\t\t<div class=\"elementor-text-editor elementor-clearfix\">\n\t\t\t\t<p><span style=\"font-size: medium;\">FUJI <\/span><span style=\"font-size: medium;\"><i>Azorean Japanese Cuisine,<\/i><\/span><span style=\"font-size: medium;\">\u00a0is committed to providing an authentic Japanese gastronomic experience. The space, minimalist and elegant, provides a refined ambience, ideal for a special moment.<\/span><\/p><p><span style=\"font-size: medium;\">The flavours created, enriched by the variety and diversity of the Azorean fish and\u00a0<\/span><span style=\"font-size: medium;\">the freshness of the local produce promotes a journey to discover the mysteries of our palate. <\/span><\/p><p><span style=\"font-size: medium;\">Rice, this follows a detailed and rigorous preparation process until it is ready to receive the creations of our <\/span><span style=\"font-size: medium;\"><i>Chef <\/i><\/span><span style=\"font-size: medium;\"><em>Alex Alves<\/em>\u00a0and served with the desired texture, temperature and flavours.<\/span><\/p>\t\t\t\t\t<\/div>\n\t\t\t\t\t\t<\/div>\n\t\t\t\t<\/div>\n\t\t\t\t\t\t<\/div>\n\t\t\t\t\t<\/div>\n\t\t<\/div>\n\t\t\t\t<div class=\"elementor-column elementor-col-50 elementor-top-column elementor-element elementor-element-89c1d11\" data-id=\"89c1d11\" data-element_type=\"column\">\n\t\t\t<div class=\"elementor-column-wrap elementor-element-populated\">\n\t\t\t\t\t\t\t<div class=\"elementor-widget-wrap\">\n\t\t\t\t\t\t<div class=\"elementor-element elementor-element-bac91db elementor-widget elementor-widget-text-editor\" data-id=\"bac91db\" data-element_type=\"widget\" data-widget_type=\"text-editor.default\">\n\t\t\t\t<div class=\"elementor-widget-container\">\n\t\t\t\t\t\t\t\t<div class=\"elementor-text-editor elementor-clearfix\">\n\t\t\t\t<p><span style=\"font-size: medium;\">We also have a wine list and drinks specially selected to go perfectly with all our dishes.<\/span><\/p><p><span style=\"font-size: medium;\">Discover our flavors through a style-inspired menu <\/span><span style=\"font-size: medium;\"><i>Omakase <\/i><\/span><span style=\"font-size: medium;\">Japanese, which means \u201cI leave it to the Chef's choice\u201d<\/span><i> <\/i><span style=\"font-size: medium;\">or opt for a more intimate experience with our service of <\/span><span style=\"font-size: medium;\"><i>Take-Away.<\/i><\/span><\/p>\t\t\t\t\t<\/div>\n\t\t\t\t\t\t<\/div>\n\t\t\t\t<\/div>\n\t\t\t\t\t\t<\/div>\n\t\t\t\t\t<\/div>\n\t\t<\/div>\n\t\t\t\t\t\t\t\t<\/div>\n\t\t\t\t\t<\/div>\n\t\t<\/section>\n\t\t\t\t<section class=\"elementor-section elementor-top-section elementor-element elementor-element-29747d6 elementor-section-full_width elementor-section-stretched elementor-section-height-default elementor-section-height-default\" data-id=\"29747d6\" data-element_type=\"section\" data-settings=\"{&quot;stretch_section&quot;:&quot;section-stretched&quot;,&quot;_ha_eqh_enable&quot;:false}\">\n\t\t\t\t\t\t<div class=\"elementor-container elementor-column-gap-default\">\n\t\t\t\t\t\t\t<div class=\"elementor-row\">\n\t\t\t\t\t<div class=\"elementor-column elementor-col-100 elementor-top-column elementor-element elementor-element-7774c77\" data-id=\"7774c77\" data-element_type=\"column\">\n\t\t\t<div class=\"elementor-column-wrap elementor-element-populated\">\n\t\t\t\t\t\t\t<div class=\"elementor-widget-wrap\">\n\t\t\t\t\t\t<div class=\"elementor-element elementor-element-8c47943 elementor-arrows-position-inside elementor-widget elementor-widget-image-carousel\" data-id=\"8c47943\" data-element_type=\"widget\" data-settings=\"{&quot;slides_to_show&quot;:&quot;3&quot;,&quot;slides_to_scroll&quot;:&quot;1&quot;,&quot;navigation&quot;:&quot;arrows&quot;,&quot;pause_on_hover&quot;:&quot;no&quot;,&quot;autoplay&quot;:&quot;yes&quot;,&quot;pause_on_interaction&quot;:&quot;yes&quot;,&quot;autoplay_speed&quot;:5000,&quot;infinite&quot;:&quot;yes&quot;,&quot;speed&quot;:500,&quot;image_spacing_custom&quot;:{&quot;unit&quot;:&quot;px&quot;,&quot;size&quot;:20,&quot;sizes&quot;:[]},&quot;image_spacing_custom_tablet&quot;:{&quot;unit&quot;:&quot;px&quot;,&quot;size&quot;:&quot;&quot;,&quot;sizes&quot;:[]},&quot;image_spacing_custom_mobile&quot;:{&quot;unit&quot;:&quot;px&quot;,&quot;size&quot;:&quot;&quot;,&quot;sizes&quot;:[]}}\" data-widget_type=\"image-carousel.default\">\n\t\t\t\t<div class=\"elementor-widget-container\">\n\t\t\t\t\t<div class=\"elementor-image-carousel-wrapper swiper-container\" dir=\"ltr\">\n\t\t\t<div class=\"elementor-image-carousel swiper-wrapper\" aria-live=\"off\">\n\t\t\t\t\t\t\t\t<div class=\"swiper-slide\" role=\"group\" aria-roledescription=\"slide\" aria-label=\"1 of 11\"><figure class=\"swiper-slide-inner\"><img decoding=\"async\" class=\"swiper-slide-image\" src=\"https:\/\/fuji-sushiexperience.pt\/wp-content\/uploads\/2021\/07\/A7C03078-1024x683.jpg\" alt=\"A7C03078\" \/><\/figure><\/div><div class=\"swiper-slide\" role=\"group\" aria-roledescription=\"slide\" aria-label=\"2 of 11\"><figure class=\"swiper-slide-inner\"><img decoding=\"async\" class=\"swiper-slide-image\" src=\"https:\/\/fuji-sushiexperience.pt\/wp-content\/uploads\/2021\/07\/A7C03397.jpg\" alt=\"\" \/><\/figure><\/div><div class=\"swiper-slide\" role=\"group\" aria-roledescription=\"slide\" aria-label=\"3 of 11\"><figure class=\"swiper-slide-inner\"><img decoding=\"async\" class=\"swiper-slide-image\" src=\"https:\/\/fuji-sushiexperience.pt\/wp-content\/uploads\/2021\/07\/A7C03417-1024x683.jpg\" alt=\"A7C03417\" \/><\/figure><\/div><div class=\"swiper-slide\" role=\"group\" aria-roledescription=\"slide\" aria-label=\"4 of 11\"><figure class=\"swiper-slide-inner\"><img decoding=\"async\" class=\"swiper-slide-image\" src=\"https:\/\/fuji-sushiexperience.pt\/wp-content\/uploads\/2021\/07\/A7C02957-1024x683.jpg\" alt=\"A7C02957\" \/><\/figure><\/div><div class=\"swiper-slide\" role=\"group\" aria-roledescription=\"slide\" aria-label=\"5 of 11\"><figure class=\"swiper-slide-inner\"><img decoding=\"async\" class=\"swiper-slide-image\" src=\"https:\/\/fuji-sushiexperience.pt\/wp-content\/uploads\/2021\/07\/A7C03159-1024x683.jpg\" alt=\"A7C03159\" \/><\/figure><\/div><div class=\"swiper-slide\" role=\"group\" aria-roledescription=\"slide\" aria-label=\"6 of 11\"><figure class=\"swiper-slide-inner\"><img decoding=\"async\" class=\"swiper-slide-image\" src=\"https:\/\/fuji-sushiexperience.pt\/wp-content\/uploads\/2021\/07\/A7C03164-1024x683.jpg\" alt=\"A7C03164\" \/><\/figure><\/div><div class=\"swiper-slide\" role=\"group\" aria-roledescription=\"slide\" aria-label=\"7 of 11\"><figure class=\"swiper-slide-inner\"><img decoding=\"async\" class=\"swiper-slide-image\" src=\"https:\/\/fuji-sushiexperience.pt\/wp-content\/uploads\/2021\/07\/A7C03323-1024x683.jpg\" alt=\"A7C03323\" \/><\/figure><\/div><div class=\"swiper-slide\" role=\"group\" aria-roledescription=\"slide\" aria-label=\"8 of 11\"><figure class=\"swiper-slide-inner\"><img decoding=\"async\" class=\"swiper-slide-image\" src=\"https:\/\/fuji-sushiexperience.pt\/wp-content\/uploads\/2021\/07\/A7C03333-1024x683.jpg\" alt=\"A7C03333\" \/><\/figure><\/div><div class=\"swiper-slide\" role=\"group\" aria-roledescription=\"slide\" aria-label=\"9 of 11\"><figure class=\"swiper-slide-inner\"><img decoding=\"async\" class=\"swiper-slide-image\" src=\"https:\/\/fuji-sushiexperience.pt\/wp-content\/uploads\/2021\/07\/A7C03050-1024x683.jpg\" alt=\"A7C03050\" \/><\/figure><\/div><div class=\"swiper-slide\" role=\"group\" aria-roledescription=\"slide\" aria-label=\"10 of 11\"><figure class=\"swiper-slide-inner\"><img decoding=\"async\" class=\"swiper-slide-image\" src=\"https:\/\/fuji-sushiexperience.pt\/wp-content\/uploads\/2021\/07\/A7C03071-1024x683.jpg\" alt=\"A7C03071\" \/><\/figure><\/div><div class=\"swiper-slide\" role=\"group\" aria-roledescription=\"slide\" aria-label=\"11 of 11\"><figure class=\"swiper-slide-inner\"><img decoding=\"async\" class=\"swiper-slide-image\" src=\"https:\/\/fuji-sushiexperience.pt\/wp-content\/uploads\/2021\/07\/A7C03129-1024x683.jpg\" alt=\"A7C03129\" \/><\/figure><\/div>\t\t\t<\/div>\n\t\t\t\t\t\t\t\t\t\t\t\t<div class=\"elementor-swiper-button elementor-swiper-button-prev\" role=\"button\" tabindex=\"0\">\n\t\t\t\t\t\t<i aria-hidden=\"true\" class=\"eicon-chevron-left\"><\/i>\t\t\t\t\t<\/div>\n\t\t\t\t\t<div class=\"elementor-swiper-button elementor-swiper-button-next\" role=\"button\" tabindex=\"0\">\n\t\t\t\t\t\t<i aria-hidden=\"true\" class=\"eicon-chevron-right\"><\/i>\t\t\t\t\t<\/div>\n\t\t\t\t\n\t\t\t\t\t\t\t\t\t<\/div>\n\t\t\t\t<\/div>\n\t\t\t\t<\/div>\n\t\t\t\t\t\t<\/div>\n\t\t\t\t\t<\/div>\n\t\t<\/div>\n\t\t\t\t\t\t\t\t<\/div>\n\t\t\t\t\t<\/div>\n\t\t<\/section>\n\t\t\t\t\t\t\t\t\t<\/div>\n\t\t\t<\/div>\n\t\t\t\t\t<\/div>","protected":false},"excerpt":{"rendered":"<p>Sobre n\u00f3s UM POUCO SOBRE O FUJI&#8230; Rigor, disciplina e perfecionismo da cultura japonesa Um espa\u00e7o elegante e minimalista com sabores da cozinha tradicional japonesa e frescura dos produtos dos A\u00e7ores. O FUJI proporciona uma experi\u00eancia aut\u00eantica! O FUJI Azorean Japanese Cuisine,\u00a0compromete-se a proporcionar uma experi\u00eancia aut\u00eantica de gastronomia japonesa. O espa\u00e7o, minimalista e elegante, proporciona uma ambi\u00eancia requintada, ideal para um momento especial. Os sabores criados, enriquecidos pela variedade e diversidade dos peixes dos A\u00e7ores e\u00a0frescura dos produtos locais, promovem uma viagem \u00e0 descoberta dos mist\u00e9rios do nosso paladar. O arroz, este segue um detalhado e rigoroso processo de confe\u00e7\u00e3o at\u00e9 estar pronto para receber as cria\u00e7\u00f5es do nosso Chef Alex Alves\u00a0e ser servido com a textura, temperatura e sabores desejados. Dispomos adicionalmente de uma carta de vinhos e bebidas especialmente selecionadas para combinar na perfei\u00e7\u00e3o com todos os nossos pratos. Descubra os nossos sabores atrav\u00e9s de um menu inspirado no estilo Omakase Japon\u00eas, que significa \u201cDeixo \u00e0 escolha do Chef\u201d ou opte por uma experi\u00eancia mais intimista com o nosso servi\u00e7o de Take-Away.<\/p>","protected":false},"author":1,"featured_media":0,"parent":0,"menu_order":2,"comment_status":"closed","ping_status":"closed","template":"elementor_header_footer","meta":[],"acf":[],"_links":{"self":[{"href":"https:\/\/fuji-sushiexperience.pt\/en\/wp-json\/wp\/v2\/pages\/24098"}],"collection":[{"href":"https:\/\/fuji-sushiexperience.pt\/en\/wp-json\/wp\/v2\/pages"}],"about":[{"href":"https:\/\/fuji-sushiexperience.pt\/en\/wp-json\/wp\/v2\/types\/page"}],"author":[{"embeddable":true,"href":"https:\/\/fuji-sushiexperience.pt\/en\/wp-json\/wp\/v2\/users\/1"}],"replies":[{"embeddable":true,"href":"https:\/\/fuji-sushiexperience.pt\/en\/wp-json\/wp\/v2\/comments?post=24098"}],"version-history":[{"count":21,"href":"https:\/\/fuji-sushiexperience.pt\/en\/wp-json\/wp\/v2\/pages\/24098\/revisions"}],"predecessor-version":[{"id":26278,"href":"https:\/\/fuji-sushiexperience.pt\/en\/wp-json\/wp\/v2\/pages\/24098\/revisions\/26278"}],"wp:attachment":[{"href":"https:\/\/fuji-sushiexperience.pt\/en\/wp-json\/wp\/v2\/media?parent=24098"}],"curies":[{"name":"wp","href":"https:\/\/api.w.org\/{rel}","templated":true}]}}