{"id":5575,"date":"2020-10-08T10:10:12","date_gmt":"2020-10-08T10:10:12","guid":{"rendered":"https:\/\/pofo.themezaa.com\/?page_id=5575"},"modified":"2023-07-19T23:26:07","modified_gmt":"2023-07-19T23:26:07","slug":"contacts","status":"publish","type":"page","link":"https:\/\/fuji-sushiexperience.pt\/en\/contacts\/","title":{"rendered":"CONTACTS"},"content":{"rendered":"<div data-elementor-type=\"wp-page\" data-elementor-id=\"5575\" class=\"elementor elementor-5575\" data-elementor-post-type=\"page\">\n\t\t\t\t\t\t<div class=\"elementor-inner\">\n\t\t\t\t<div class=\"elementor-section-wrap\">\n\t\t\t\t\t\t\t\t\t<section class=\"elementor-section elementor-top-section elementor-element elementor-element-5517f458 elementor-section-height-min-height elementor-section-full_width elementor-section-stretched elementor-section-height-default elementor-section-items-middle\" data-id=\"5517f458\" data-element_type=\"section\" data-settings=\"{&quot;background_background&quot;:&quot;classic&quot;,&quot;shape_divider_bottom&quot;:&quot;triangle-asymmetrical&quot;,&quot;shape_divider_bottom_negative&quot;:&quot;yes&quot;,&quot;stretch_section&quot;:&quot;section-stretched&quot;,&quot;_ha_eqh_enable&quot;:false}\">\n\t\t\t\t\t\t\t<div class=\"elementor-background-overlay\"><\/div>\n\t\t\t\t\t\t<div class=\"elementor-shape elementor-shape-bottom\" data-negative=\"true\">\n\t\t\t<svg xmlns=\"http:\/\/www.w3.org\/2000\/svg\" viewbox=\"0 0 1000 100\" preserveaspectratio=\"none\">\n\t<path class=\"elementor-shape-fill\" d=\"M737.9,94.7L0,0v100h1000V0L737.9,94.7z\"\/>\n<\/svg>\t\t<\/div>\n\t\t\t\t\t<div class=\"elementor-container elementor-column-gap-default\">\n\t\t\t\t\t\t\t<div class=\"elementor-row\">\n\t\t\t\t\t<div class=\"elementor-column elementor-col-100 elementor-top-column elementor-element elementor-element-6369d01d\" data-id=\"6369d01d\" data-element_type=\"column\">\n\t\t\t<div class=\"elementor-column-wrap elementor-element-populated\">\n\t\t\t\t\t\t\t<div class=\"elementor-widget-wrap\">\n\t\t\t\t\t\t<div class=\"elementor-element elementor-element-4076eb68 ee-heading--solid elementor-widget elementor-widget-heading-extended\" data-id=\"4076eb68\" data-element_type=\"widget\" data-widget_type=\"heading-extended.default\">\n\t\t\t\t<div class=\"elementor-widget-container\">\n\t\t\t\n\t\t\t<h1 class=\"ee-heading elementor-size-default\" data-title=\"Contactos\"><span class=\"ee-heading__text\">\n\t\t\tContacts\t\t<\/span><\/h1>\n\n\t\t\t\t<\/div>\n\t\t\t\t<\/div>\n\t\t\t\t<div class=\"elementor-element elementor-element-48f948af elementor-widget elementor-widget-heading\" data-id=\"48f948af\" data-element_type=\"widget\" data-widget_type=\"heading.default\">\n\t\t\t\t<div class=\"elementor-widget-container\">\n\t\t\t<h2 class=\"elementor-heading-title elementor-size-default\">TALK TO US...<\/h2>\t\t<\/div>\n\t\t\t\t<\/div>\n\t\t\t\t\t\t<\/div>\n\t\t\t\t\t<\/div>\n\t\t<\/div>\n\t\t\t\t\t\t\t\t<\/div>\n\t\t\t\t\t<\/div>\n\t\t<\/section>\n\t\t\t\t<section class=\"elementor-section elementor-top-section elementor-element elementor-element-26cdcc20 elementor-section-boxed elementor-section-height-default elementor-section-height-default\" data-id=\"26cdcc20\" data-element_type=\"section\" data-settings=\"{&quot;_ha_eqh_enable&quot;:false}\">\n\t\t\t\t\t\t<div class=\"elementor-container elementor-column-gap-default\">\n\t\t\t\t\t\t\t<div class=\"elementor-row\">\n\t\t\t\t\t<div class=\"elementor-column elementor-col-33 elementor-top-column elementor-element elementor-element-62194d84\" data-id=\"62194d84\" data-element_type=\"column\">\n\t\t\t<div class=\"elementor-column-wrap elementor-element-populated\">\n\t\t\t\t\t\t\t<div class=\"elementor-widget-wrap\">\n\t\t\t\t\t\t<div class=\"elementor-element elementor-element-327e60a5 ha-infobox-media-dir-top elementor-invisible elementor-widget elementor-widget-ha-infobox happy-addon ha-infobox\" data-id=\"327e60a5\" data-element_type=\"widget\" data-settings=\"{&quot;_animation&quot;:&quot;fadeInUp&quot;}\" data-widget_type=\"ha-infobox.default\">\n\t\t\t\t<div class=\"elementor-widget-container\">\n\t\t\t\n\t\t\t\t\t<figure class=\"ha-infobox-figure ha-infobox-figure--icon\">\n\t\t\t\t<i aria-hidden=\"true\" class=\"fas fa-phone-alt\"><\/i>\t\t\t<\/figure>\n\t\t\n\t\t<div class=\"ha-infobox-body\">\n\t\t\t<h2 class=\"ha-infobox-title\">Telephone<\/h2>\n\t\t\t\t\t\t\t<div class=\"ha-infobox-text\">\n\t\t\t\t\t<p>Call now!<br>\n+351 961 133 002<\/p>\n\t\t\t\t<\/div>\n\t\t\t\n\t\t\t\t\t<\/div>\n\t\t\t\t<\/div>\n\t\t\t\t<\/div>\n\t\t\t\t\t\t<\/div>\n\t\t\t\t\t<\/div>\n\t\t<\/div>\n\t\t\t\t<div class=\"elementor-column elementor-col-33 elementor-top-column elementor-element elementor-element-5e91868a\" data-id=\"5e91868a\" data-element_type=\"column\">\n\t\t\t<div class=\"elementor-column-wrap elementor-element-populated\">\n\t\t\t\t\t\t\t<div class=\"elementor-widget-wrap\">\n\t\t\t\t\t\t<div class=\"elementor-element elementor-element-12cd22ca ha-infobox-media-dir-top elementor-invisible elementor-widget elementor-widget-ha-infobox happy-addon ha-infobox\" data-id=\"12cd22ca\" data-element_type=\"widget\" data-settings=\"{&quot;_animation&quot;:&quot;fadeInUp&quot;}\" data-widget_type=\"ha-infobox.default\">\n\t\t\t\t<div class=\"elementor-widget-container\">\n\t\t\t\n\t\t\t\t\t<figure class=\"ha-infobox-figure ha-infobox-figure--icon\">\n\t\t\t\t<i aria-hidden=\"true\" class=\"fas fa-envelope\"><\/i>\t\t\t<\/figure>\n\t\t\n\t\t<div class=\"ha-infobox-body\">\n\t\t\t<h2 class=\"ha-infobox-title\">Email<\/h2>\n\t\t\t\t\t\t\t<div class=\"ha-infobox-text\">\n\t\t\t\t\t<p>geral@fuji-sushiexperience.pt<br>reservas@fuji-sushiexperience.pt<\/p>\n\t\t\t\t<\/div>\n\t\t\t\n\t\t\t\t\t<\/div>\n\t\t\t\t<\/div>\n\t\t\t\t<\/div>\n\t\t\t\t\t\t<\/div>\n\t\t\t\t\t<\/div>\n\t\t<\/div>\n\t\t\t\t<div class=\"elementor-column elementor-col-33 elementor-top-column elementor-element elementor-element-2e389b2\" data-id=\"2e389b2\" data-element_type=\"column\">\n\t\t\t<div class=\"elementor-column-wrap elementor-element-populated\">\n\t\t\t\t\t\t\t<div class=\"elementor-widget-wrap\">\n\t\t\t\t\t\t<div class=\"elementor-element elementor-element-16864221 ha-infobox-media-dir-top elementor-invisible elementor-widget elementor-widget-ha-infobox happy-addon ha-infobox\" data-id=\"16864221\" data-element_type=\"widget\" data-settings=\"{&quot;_animation&quot;:&quot;fadeInUp&quot;}\" data-widget_type=\"ha-infobox.default\">\n\t\t\t\t<div class=\"elementor-widget-container\">\n\t\t\t\n\t\t\t\t\t<figure class=\"ha-infobox-figure ha-infobox-figure--icon\">\n\t\t\t\t<i aria-hidden=\"true\" class=\"fas fa-map-marker-alt\"><\/i>\t\t\t<\/figure>\n\t\t\n\t\t<div class=\"ha-infobox-body\">\n\t\t\t<h2 class=\"ha-infobox-title\">Address<\/h2>\n\t\t\t\t\t\t\t<div class=\"ha-infobox-text\">\n\t\t\t\t\t<p>Rua Padre Jo\u00e3o Batista Valles n\u00ba2, 9500-791 Ponta Delgada\n<\/p>\n\t\t\t\t<\/div>\n\t\t\t\n\t\t\t\t\t<\/div>\n\t\t\t\t<\/div>\n\t\t\t\t<\/div>\n\t\t\t\t\t\t<\/div>\n\t\t\t\t\t<\/div>\n\t\t<\/div>\n\t\t\t\t\t\t\t\t<\/div>\n\t\t\t\t\t<\/div>\n\t\t<\/section>\n\t\t\t\t<section class=\"elementor-section elementor-top-section elementor-element elementor-element-9e244fa elementor-section-stretched elementor-section-boxed elementor-section-height-default elementor-section-height-default elementor-invisible\" data-id=\"9e244fa\" data-element_type=\"section\" data-settings=\"{&quot;stretch_section&quot;:&quot;section-stretched&quot;,&quot;background_background&quot;:&quot;classic&quot;,&quot;shape_divider_top&quot;:&quot;triangle-asymmetrical&quot;,&quot;shape_divider_top_negative&quot;:&quot;yes&quot;,&quot;animation&quot;:&quot;fadeInUp&quot;,&quot;_ha_eqh_enable&quot;:false}\">\n\t\t\t\t\t\t\t<div class=\"elementor-background-overlay\"><\/div>\n\t\t\t\t\t\t<div class=\"elementor-shape elementor-shape-top\" data-negative=\"true\">\n\t\t\t<svg xmlns=\"http:\/\/www.w3.org\/2000\/svg\" viewbox=\"0 0 1000 100\" preserveaspectratio=\"none\">\n\t<path class=\"elementor-shape-fill\" d=\"M737.9,94.7L0,0v100h1000V0L737.9,94.7z\"\/>\n<\/svg>\t\t<\/div>\n\t\t\t\t\t<div class=\"elementor-container elementor-column-gap-default\">\n\t\t\t\t\t\t\t<div class=\"elementor-row\">\n\t\t\t\t\t<div class=\"elementor-column elementor-col-100 elementor-top-column elementor-element elementor-element-46bf50ac\" data-id=\"46bf50ac\" data-element_type=\"column\">\n\t\t\t<div class=\"elementor-column-wrap elementor-element-populated\">\n\t\t\t\t\t\t\t<div class=\"elementor-widget-wrap\">\n\t\t\t\t\t\t<div class=\"elementor-element elementor-element-73b8b2c0 elementor-widget elementor-widget-text-editor\" data-id=\"73b8b2c0\" data-element_type=\"widget\" data-widget_type=\"text-editor.default\">\n\t\t\t\t<div class=\"elementor-widget-container\">\n\t\t\t\t\t\t\t\t<div class=\"elementor-text-editor elementor-clearfix\">\n\t\t\t\t<div id=\"quform-94a70b\" class=\"quform quform-1 quform-theme-dark quform-support-page-caching\"><form id=\"quform-form-94a70b\" class=\"quform-form quform-form-1\" action=\"\/en\/wp-json\/wp\/v2\/pages\/5575#quform-94a70b\" method=\"post\" enctype=\"multipart\/form-data\" novalidate=\"novalidate\" data-options=\"{&quot;id&quot;:1,&quot;uniqueId&quot;:&quot;94a70b&quot;,&quot;theme&quot;:&quot;dark&quot;,&quot;ajax&quot;:true,&quot;logic&quot;:{&quot;logic&quot;:[],&quot;dependents&quot;:[],&quot;elementIds&quot;:[],&quot;dependentElementIds&quot;:[],&quot;animate&quot;:true},&quot;currentPageId&quot;:19,&quot;errorsIcon&quot;:&quot;fa fa-warning&quot;,&quot;updateFancybox&quot;:true,&quot;hasPages&quot;:false,&quot;pages&quot;:[19],&quot;pageProgressType&quot;:&quot;percentage&quot;,&quot;tooltipsEnabled&quot;:true,&quot;tooltipClasses&quot;:&quot;qtip-quform-dark qtip-shadow&quot;,&quot;tooltipMy&quot;:&quot;left center&quot;,&quot;tooltipAt&quot;:&quot;right center&quot;,&quot;isRtl&quot;:false,&quot;scrollOffset&quot;:-50,&quot;scrollSpeed&quot;:800}\" data-trp-original-action=\"\/en\/wp-json\/wp\/v2\/pages\/5575#quform-94a70b\"><button class=\"quform-default-submit\" name=\"quform_submit\" type=\"submit\" value=\"submit\" aria-hidden=\"true\" tabindex=\"-1\"><\/button><div class=\"quform-form-inner quform-form-inner-1\"><input type=\"hidden\" name=\"quform_form_id\" value=\"1\" \/><input type=\"hidden\" name=\"quform_form_uid\" value=\"94a70b\" \/><input type=\"hidden\" name=\"quform_count\" value=\"1\" \/><input type=\"hidden\" name=\"form_url\" value=\"https:\/\/fuji-sushiexperience.pt\/en\/wp-json\/wp\/v2\/pages\/5575\" \/><input type=\"hidden\" name=\"referring_url\" value=\"\" \/><input type=\"hidden\" name=\"post_id\" value=\"\" \/><input type=\"hidden\" name=\"post_title\" value=\"\" \/><input type=\"hidden\" name=\"quform_current_page_id\" value=\"19\" \/><input type=\"hidden\" name=\"quform_csrf_token\" value=\"OlXuIVrJ7YhUtiUceqPNsKwyjgf28764ZJ5V9jFj\" \/><div class=\"quform-elements quform-elements-1 quform-cf quform-responsive-elements-phone-portrait\"><div class=\"quform-element quform-element-page quform-page-19 quform-page-1_19 quform-cf quform-group-style-plain quform-first-page quform-last-page quform-current-page\"><div class=\"quform-child-elements\"><div class=\"quform-element quform-element-name quform-element-1_29 quform-cf quform-element-required\"><div class=\"quform-spacer\"><div class=\"quform-label quform-label-1_29\"><span class=\"quform-label-icon\"><i class=\"fa fa-user\"><\/i><\/span><label class=\"quform-label-text\" id=\"quform_1_29_94a70b_label\">NAME<span class=\"quform-required\">*<\/span><\/label><\/div><div class=\"quform-inner quform-inner-name quform-inner-1_29\"><div class=\"quform-input quform-input-name quform-input-1_29 quform-cf\"><div class=\"quform-element-row quform-1-columns quform-element-row-size-fixed quform-responsive-columns-phone-portrait\"><div class=\"quform-element-column\"><div class=\"quform-element quform-element-text quform-element-1_29_2 quform-cf quform-element-required\"><div class=\"quform-spacer\"><div class=\"quform-inner quform-inner-text quform-inner-1_29_2\"><div class=\"quform-input quform-input-text quform-input-1_29_2 quform-cf\"><input type=\"text\" id=\"quform_1_29_2_94a70b\" name=\"quform_1_29[2]\" class=\"quform-field quform-field-text quform-field-1_29_2\" aria-labelledby=\"quform_1_29_94a70b_label\" \/><\/div><\/div><\/div><\/div><\/div><\/div><\/div><\/div><\/div><\/div><div class=\"quform-element quform-element-row quform-element-row-1_325 quform-2-columns quform-element-row-size-fixed quform-responsive-columns-phone-portrait\"><div class=\"quform-element quform-element-column quform-element-1_326\"><div class=\"quform-element quform-element-text quform-element-1_24 quform-cf quform-element-optional\"><div class=\"quform-spacer\"><div class=\"quform-label quform-label-1_24\"><span class=\"quform-label-icon\"><i class=\"fa fa-phone\"><\/i><\/span><label class=\"quform-label-text\" for=\"quform_1_24_94a70b\">TELEPHONE<\/label><\/div><div class=\"quform-inner quform-inner-text quform-inner-1_24\"><div class=\"quform-input quform-input-text quform-input-1_24 quform-cf\"><input type=\"text\" id=\"quform_1_24_94a70b\" name=\"quform_1_24\" class=\"quform-field quform-field-text quform-field-1_24\" \/><\/div><\/div><\/div><\/div><\/div><div class=\"quform-element quform-element-column quform-element-1_327\"><div class=\"quform-element quform-element-email quform-element-1_22 quform-cf quform-element-required\"><div class=\"quform-spacer\"><div class=\"quform-label quform-label-1_22\"><span class=\"quform-label-icon\"><i class=\"fa fa-envelope\"><\/i><\/span><label class=\"quform-label-text\" for=\"quform_1_22_94a70b\">EMAIL<span class=\"quform-required\">*<\/span><\/label><\/div><div class=\"quform-inner quform-inner-email quform-inner-1_22\"><div class=\"quform-input quform-input-email quform-input-1_22 quform-cf\"><input type=\"email\" id=\"quform_1_22_94a70b\" name=\"quform_1_22\" class=\"quform-field quform-field-email quform-field-1_22\" \/><\/div><\/div><\/div><\/div><\/div><\/div><div class=\"quform-element quform-element-textarea quform-element-1_26 quform-cf quform-element-required\"><div class=\"quform-spacer\"><div class=\"quform-label quform-label-1_26\"><span class=\"quform-label-icon\"><i class=\"fa fa-comment\"><\/i><\/span><label class=\"quform-label-text\" for=\"quform_1_26_94a70b\">MESSAGE<span class=\"quform-required\">*<\/span><\/label><\/div><div class=\"quform-inner quform-inner-textarea quform-inner-1_26\"><div class=\"quform-input quform-input-textarea quform-input-1_26 quform-cf\"><textarea id=\"quform_1_26_94a70b\" name=\"quform_1_26\" class=\"quform-field quform-field-textarea quform-field-1_26\"><\/textarea><\/div><\/div><\/div><\/div><div class=\"quform-element quform-element-row quform-element-row-1_339 quform-2-columns quform-element-row-size-fixed quform-responsive-columns-phone-portrait\"><div class=\"quform-element quform-element-column quform-element-1_340\"><div class=\"quform-element quform-element-captcha quform-element-1_338 quform-cf quform-element-required\"><div class=\"quform-spacer\"><div class=\"quform-label quform-label-1_338\"><label class=\"quform-label-text\" for=\"quform_1_338_94a70b\"> Please enter the characters<span class=\"quform-required\">*<\/span><\/label><\/div><div class=\"quform-inner quform-inner-captcha quform-inner-1_338\"><p class=\"quform-description quform-description-above\">This helps us to prevent spam, thanks.<\/p><div class=\"quform-input quform-input-captcha quform-input-1_338 quform-cf\"><input type=\"text\" id=\"quform_1_338_94a70b\" name=\"quform_1_338\" class=\"quform-field quform-field-captcha quform-field-1_338\" \/><\/div><div class=\"quform-captcha quform-cf\"><div class=\"quform-captcha-image quform-captcha-image-1_338\"><img decoding=\"async\" loading=\"lazy\" class=\"quform-captcha-image-img\" src=\"data:image\/png;base64,iVBORw0KGgoAAAANSUhEUgAAAOYAAABQBAMAAAD\/1xTgAAAAG1BMVEX\/\/\/8iIiLHx8fj4+OQkJBZWVk9PT2srKx0dHRpKkvsAAAACXBIWXMAAA7EAAAOxAGVKw4bAAADpklEQVRoge1XzVObQBRHCJCjzwrNkcQ4zTGk48cx2Or0KLXVq9TR9hjUzngUbR3\/7O7bXWB3wYBJ00v3d4FZ3u7vfe\/DMDQ0NDQ0NDQ0\/jlug1cIm+O\/wGhm8La98CFcLE85TACgpe7WTyLbXsGXTjkCxH0r4X1UDzaXpHRjSglvWshuWVTUny5HOaKnPKTQaxQdxjCg0gum0OSaPani3szoNJ7kPmEAEkjAkz+YH9voMPlEojJlG8hBZ7gngfl7RjSQs72gr3pkDc6bCM27UyFniJ0s8bc\/z93VpXu+k7e+mkFpUyoMGWEZFGjWEhHilg1GoVRK1nCCmzMWG2Oq5d7T1Y9g3kYHPGBOjRh1ieSFMru7YU\/mIu83wDH\/QtXep6vzSK1roh3MDDRLcuXRF4DajRZPFExP\/9eWsVtmaUi0d2XTX8Auc24M68Ii5mB99uGXHn8Z031FHjhkS8b9XauveIg\/Rleeq5y9mzr5iMjj06IPV0gc4u0RGn8I0NS6IxqRMiwUrIvVJb0V80qmZRgKJhFFExrKncY2aqOEpXRmi5L6iuhgi9JscrXGkmtRb5YbqPF8Tou0hcDMu0mOGK5AaU0mOaoXFIUbEQs7khfjPHnCpoCSdgAXLtdQ0Pl+GH+TliIaZHIyi0JKdmB9+w+CAFO8q1pQAeHzOopmZlVTVpDwmJ\/nEAnaOeGkUN4rTjw25oMk+LMSgW41IikxiXB4eUFaN3k1+rxCnbzGzWZOp5ovjnrNYJZ5Y2MbxCgTzS6f44LAvJq15mQ3n7QUVlpJh2V2JjYZ6+sHSlCsjB7pw20xn6R5cxFW1FuFW04qa135Ul6DNve7rWZkDbqVYSjG9jKQT6bWmFUTnCIuEf+YNtUno1DswuTsSB0sYvYJReWeMk\/aBUPC4mi2Gud2FWfQUrGl643fp0JCx9w+iXNqUDPPmzmNW9n\/9ORQsj1jqbhWBK+TXx9rhW9jLBsccvPqeQ1sPCaVtOV29osktfOpJCrUSPEST5qvlVrgVUg8NRWWeCZnRdo6bJDCCG+US7DwcE58e7Ijz6khs6ZMW5u\/RuUSu42gt9CkzAZ7qWRtmh9u2YdxODl4PzkSWxj9ezhbcDhPK\/8dFlK8y8q0tZJ88DsRxCaDhf8ozaQy1KSgGN9fJnp1cE\/9xxo1pG67TPRaYp9RBKUWZNq6PFgho5H\/X\/qBsLRKGzkmOJ\/cr55Hgps1jjorwN0ivVRDQ0NDQ0NDQ+M\/wh9LxoxjmgA4XwAAAABJRU5ErkJggg==\" alt=\"CAPTCHA image\" data-element-id=\"338\" width=\"115\" height=\"40\" \/><\/div><\/div><\/div><\/div><\/div><\/div><div class=\"quform-element quform-element-column quform-element-1_341\"><\/div><\/div><div class=\"quform-element quform-element-checkbox quform-element-1_108 quform-cf quform-element-required\"><div class=\"quform-spacer\"><div class=\"quform-inner quform-inner-checkbox quform-inner-1_108\"><div class=\"quform-input quform-input-checkbox quform-input-1_108 quform-cf\"><div class=\"quform-options quform-cf quform-options-block quform-options-style-input-hidden\"><div class=\"quform-option\"><input type=\"checkbox\" name=\"quform_1_108[]\" id=\"quform_1_108_94a70b_1\" class=\"quform-field quform-field-checkbox quform-field-1_108 quform-field-1_108_1\" value=\"Leu e concorda com os Termos &amp; Condi\u00e7\u00f5es, Pol\u00edtica de Cookies e Pol\u00edtica de Privacidade do FUJI Sushi Experience..\" \/><label for=\"quform_1_108_94a70b_1\" class=\"quform-option-label quform-option-label-1_108_1\"><span class=\"quform-option-icon\"><i class=\"fa fa-square-o\"><\/i><\/span><span class=\"quform-option-icon-selected\"><i class=\"fa fa-check-square-o\"><\/i><\/span><span class=\"quform-option-text\">&nbsp;&nbsp;&nbsp;&nbsp;&nbsp;&nbsp;&nbsp;&nbsp;I have read and agree to the FUJI Sushi Experience Terms &amp; Conditions, Cookie Policy and Privacy Policy.<\/span><\/label><\/div><\/div><\/div><\/div><\/div><\/div><div class=\"quform-element quform-element-submit quform-element-1_320 quform-cf quform-button-style-theme quform-button-width-full\"><div class=\"quform-button-submit quform-button-submit-default quform-button-submit-1_320 quform-button-icon-right\"><button name=\"quform_submit\" type=\"submit\" class=\"quform-submit\" value=\"submit\"><span class=\"quform-button-text quform-button-submit-text\">SEND MESSAGE<\/span><span class=\"quform-button-icon quform-button-submit-icon\"><i class=\"fa fa-send\"><\/i><\/span><\/button><\/div><div class=\"quform-loading quform-loading-position-left quform-loading-type-spinner-1\"><div class=\"quform-loading-inner\"><div class=\"quform-loading-spinner\"><div class=\"quform-loading-spinner-inner\"><\/div><\/div><\/div><\/div><\/div><div class=\"quform-element-tree\"><label for=\"quform_1_0_94a70b\">This field should be left blank<\/label><input type=\"text\" id=\"quform_1_0_94a70b\" name=\"quform_1_0\" class=\"quform-field quform-field-tree quform-field-1_0\" tabindex=\"-1\" autocomplete=\"off\" \/><\/div><\/div><\/div><\/div><\/div><input type=\"hidden\" name=\"trp-form-language\" value=\"en\"\/><\/form><\/div>\t\t\t\t\t<\/div>\n\t\t\t\t\t\t<\/div>\n\t\t\t\t<\/div>\n\t\t\t\t\t\t<\/div>\n\t\t\t\t\t<\/div>\n\t\t<\/div>\n\t\t\t\t\t\t\t\t<\/div>\n\t\t\t\t\t<\/div>\n\t\t<\/section>\n\t\t\t\t<section class=\"elementor-section elementor-top-section elementor-element elementor-element-7b1dde3 elementor-section-full_width elementor-section-stretched elementor-section-height-default elementor-section-height-default\" data-id=\"7b1dde3\" data-element_type=\"section\" data-settings=\"{&quot;stretch_section&quot;:&quot;section-stretched&quot;,&quot;_ha_eqh_enable&quot;:false}\">\n\t\t\t\t\t\t<div class=\"elementor-container elementor-column-gap-no\">\n\t\t\t\t\t\t\t<div class=\"elementor-row\">\n\t\t\t\t\t<div class=\"elementor-column elementor-col-100 elementor-top-column elementor-element elementor-element-4ff9d39\" data-id=\"4ff9d39\" data-element_type=\"column\">\n\t\t\t<div class=\"elementor-column-wrap elementor-element-populated\">\n\t\t\t\t\t\t\t<div class=\"elementor-widget-wrap\">\n\t\t\t\t\t\t<div class=\"elementor-element elementor-element-446ee6f elementor-widget elementor-widget-google_maps\" data-id=\"446ee6f\" data-element_type=\"widget\" data-widget_type=\"google_maps.default\">\n\t\t\t\t<div class=\"elementor-widget-container\">\n\t\t\t\t\t<div class=\"elementor-custom-embed\">\n\t\t\t<iframe loading=\"lazy\"\n\t\t\t\t\tsrc=\"https:\/\/maps.google.com\/maps?q=fuji%20sushi%20experience%2C%20ponta%20delgada&#038;t=m&#038;z=15&#038;output=embed&#038;iwloc=near\"\n\t\t\t\t\ttitle=\"fuji sushi experience, ponta delgada\"\n\t\t\t\t\taria-label=\"fuji sushi experience, ponta delgada\"\n\t\t\t><\/iframe>\n\t\t<\/div>\n\t\t\t\t<\/div>\n\t\t\t\t<\/div>\n\t\t\t\t\t\t<\/div>\n\t\t\t\t\t<\/div>\n\t\t<\/div>\n\t\t\t\t\t\t\t\t<\/div>\n\t\t\t\t\t<\/div>\n\t\t<\/section>\n\t\t\t\t\t\t\t\t\t<\/div>\n\t\t\t<\/div>\n\t\t\t\t\t<\/div>","protected":false},"excerpt":{"rendered":"<p>Contactos FALE CONNOSCO&#8230; Telefone Ligue j\u00e1! +351 961 133 002 Email geral@fuji-sushiexperience.ptreservas@fuji-sushiexperience.pt Morada Rua Padre Jo\u00e3o Batista Valles n\u00ba2, 9500-791 Ponta Delgada<\/p>","protected":false},"author":1,"featured_media":0,"parent":0,"menu_order":10,"comment_status":"closed","ping_status":"closed","template":"elementor_header_footer","meta":[],"acf":[],"_links":{"self":[{"href":"https:\/\/fuji-sushiexperience.pt\/en\/wp-json\/wp\/v2\/pages\/5575"}],"collection":[{"href":"https:\/\/fuji-sushiexperience.pt\/en\/wp-json\/wp\/v2\/pages"}],"about":[{"href":"https:\/\/fuji-sushiexperience.pt\/en\/wp-json\/wp\/v2\/types\/page"}],"author":[{"embeddable":true,"href":"https:\/\/fuji-sushiexperience.pt\/en\/wp-json\/wp\/v2\/users\/1"}],"replies":[{"embeddable":true,"href":"https:\/\/fuji-sushiexperience.pt\/en\/wp-json\/wp\/v2\/comments?post=5575"}],"version-history":[{"count":0,"href":"https:\/\/fuji-sushiexperience.pt\/en\/wp-json\/wp\/v2\/pages\/5575\/revisions"}],"wp:attachment":[{"href":"https:\/\/fuji-sushiexperience.pt\/en\/wp-json\/wp\/v2\/media?parent=5575"}],"curies":[{"name":"wp","href":"https:\/\/api.w.org\/{rel}","templated":true}]}}